{"id":48,"date":"2023-10-04T09:59:54","date_gmt":"2023-10-04T09:59:54","guid":{"rendered":"https:\/\/punctpei.ro\/?page_id=48"},"modified":"2024-02-14T16:01:05","modified_gmt":"2024-02-14T16:01:05","slug":"rezervari","status":"publish","type":"page","link":"https:\/\/punctpei.ro\/en\/rezervari\/","title":{"rendered":"Reservations"},"content":{"rendered":"<div data-elementor-type=\"wp-page\" data-elementor-id=\"48\" class=\"elementor elementor-48\">\n\t\t\t\t\t\t\t<div class=\"elementor-element elementor-element-e21e472 e-con-full e-flex e-con e-child\" data-id=\"e21e472\" data-element_type=\"container\" data-settings=\"{&quot;content_width&quot;:&quot;full&quot;,&quot;background_background&quot;:&quot;slideshow&quot;,&quot;background_slideshow_gallery&quot;:[{&quot;id&quot;:659,&quot;url&quot;:&quot;https:\\\/\\\/punctpei.ro\\\/wp-content\\\/uploads\\\/2023\\\/10\\\/Fotografii-Axucc-Photographer1-204-of-162-scaled.jpg&quot;}],&quot;background_slideshow_slide_transition&quot;:&quot;slide_left&quot;,&quot;background_slideshow_loop&quot;:&quot;yes&quot;,&quot;background_slideshow_slide_duration&quot;:5000,&quot;background_slideshow_transition_duration&quot;:500}\">\n\t\t\t\t<div class=\"elementor-element elementor-element-95f346d elementor-widget elementor-widget-heading\" data-id=\"95f346d\" data-element_type=\"widget\" data-widget_type=\"heading.default\">\n\t\t\t\t<div class=\"elementor-widget-container\">\n\t\t\t<style>\/*! elementor - v3.16.0 - 20-09-2023 *\/\n.elementor-heading-title{padding:0;margin:0;line-height:1}.elementor-widget-heading .elementor-heading-title[class*=elementor-size-]>a{color:inherit;font-size:inherit;line-height:inherit}.elementor-widget-heading .elementor-heading-title.elementor-size-small{font-size:15px}.elementor-widget-heading .elementor-heading-title.elementor-size-medium{font-size:19px}.elementor-widget-heading .elementor-heading-title.elementor-size-large{font-size:29px}.elementor-widget-heading .elementor-heading-title.elementor-size-xl{font-size:39px}.elementor-widget-heading .elementor-heading-title.elementor-size-xxl{font-size:59px}<\/style><h1 class=\"elementor-heading-title elementor-size-default\">RESERVATIONS<\/h1>\t\t<\/div>\n\t\t\t\t<\/div>\n\t\t\t\t<\/div>\n\t\t<div class=\"elementor-element elementor-element-c108ed4 e-flex e-con-boxed e-con e-parent\" data-id=\"c108ed4\" data-element_type=\"container\" data-settings=\"{&quot;background_background&quot;:&quot;classic&quot;,&quot;content_width&quot;:&quot;boxed&quot;}\" data-core-v316-plus=\"true\">\n\t\t\t\t\t<div class=\"e-con-inner\">\n\t\t<div class=\"elementor-element elementor-element-7f10c32 e-flex e-con-boxed e-con e-child\" data-id=\"7f10c32\" data-element_type=\"container\" data-settings=\"{&quot;background_background&quot;:&quot;gradient&quot;,&quot;content_width&quot;:&quot;boxed&quot;}\">\n\t\t\t\t\t<div class=\"e-con-inner\">\n\t\t\t\t<div class=\"elementor-element elementor-element-0deb6ab elementor-align-center elementor-widget elementor-widget-button\" data-id=\"0deb6ab\" data-element_type=\"widget\" data-widget_type=\"button.default\">\n\t\t\t\t<div class=\"elementor-widget-container\">\n\t\t\t\t\t<div class=\"elementor-button-wrapper\">\n\t\t\t<a class=\"elementor-button elementor-button-link elementor-size-xl\" href=\"#\">\n\t\t\t\t\t\t<span class=\"elementor-button-content-wrapper\">\n\t\t\t\t\t\t<span class=\"elementor-button-icon elementor-align-icon-left\">\n\t\t\t\t<i aria-hidden=\"true\" class=\"fas fa-angle-double-down\"><\/i>\t\t\t<\/span>\n\t\t\t\t\t\t<span class=\"elementor-button-text\"><\/span>\n\t\t<\/span>\n\t\t\t\t\t<\/a>\n\t\t<\/div>\n\t\t\t\t<\/div>\n\t\t\t\t<\/div>\n\t\t\t\t\t<\/div>\n\t\t\t\t<\/div>\n\t\t\t\t\t<\/div>\n\t\t\t\t<\/div>\n\t\t<div class=\"elementor-element elementor-element-4d82287 e-flex e-con-boxed e-con e-parent\" data-id=\"4d82287\" data-element_type=\"container\" id=\"idrezervaacum\" data-settings=\"{&quot;background_background&quot;:&quot;slideshow&quot;,&quot;content_width&quot;:&quot;boxed&quot;,&quot;background_slideshow_gallery&quot;:[],&quot;background_slideshow_loop&quot;:&quot;yes&quot;,&quot;background_slideshow_slide_duration&quot;:5000,&quot;background_slideshow_slide_transition&quot;:&quot;fade&quot;,&quot;background_slideshow_transition_duration&quot;:500}\" data-core-v316-plus=\"true\">\n\t\t\t\t\t<div class=\"e-con-inner\">\n\t\t<div class=\"elementor-element elementor-element-4a7693a e-con-full e-flex e-con e-child\" data-id=\"4a7693a\" data-element_type=\"container\" data-settings=\"{&quot;content_width&quot;:&quot;full&quot;}\">\n\t\t\t\t<div class=\"elementor-element elementor-element-4c25289 elementor-widget elementor-widget-heading\" data-id=\"4c25289\" data-element_type=\"widget\" data-widget_type=\"heading.default\">\n\t\t\t\t<div class=\"elementor-widget-container\">\n\t\t\t<h2 class=\"elementor-heading-title elementor-size-default\">Informations<\/h2>\t\t<\/div>\n\t\t\t\t<\/div>\n\t\t\t\t<div class=\"elementor-element elementor-element-826f130 elementor-widget elementor-widget-text-editor\" data-id=\"826f130\" data-element_type=\"widget\" data-widget_type=\"text-editor.default\">\n\t\t\t\t<div class=\"elementor-widget-container\">\n\t\t\t<style>\/*! elementor - v3.16.0 - 20-09-2023 *\/\n.elementor-widget-text-editor.elementor-drop-cap-view-stacked .elementor-drop-cap{background-color:#69727d;color:#fff}.elementor-widget-text-editor.elementor-drop-cap-view-framed .elementor-drop-cap{color:#69727d;border:3px solid;background-color:transparent}.elementor-widget-text-editor:not(.elementor-drop-cap-view-default) .elementor-drop-cap{margin-top:8px}.elementor-widget-text-editor:not(.elementor-drop-cap-view-default) .elementor-drop-cap-letter{width:1em;height:1em}.elementor-widget-text-editor .elementor-drop-cap{float:left;text-align:center;line-height:1;font-size:50px}.elementor-widget-text-editor .elementor-drop-cap-letter{display:inline-block}<\/style>\t\t\t\t<p><span style=\"font-weight: 400;\">For information, suggestions and reservations, you can contact us using the form or the phone number below.<\/span><\/p><p><img loading=\"lazy\" decoding=\"async\" class=\"alignnone wp-image-1403\" src=\"https:\/\/punctpei.ro\/wp-content\/uploads\/2023\/10\/phone-call-300x300.png\" alt=\"\" width=\"23\" height=\"23\" srcset=\"https:\/\/punctpei.ro\/wp-content\/uploads\/2023\/10\/phone-call-300x300.png 300w, https:\/\/punctpei.ro\/wp-content\/uploads\/2023\/10\/phone-call-150x150.png 150w, https:\/\/punctpei.ro\/wp-content\/uploads\/2023\/10\/phone-call.png 512w\" sizes=\"auto, (max-width: 23px) 100vw, 23px\" \/>\u00a0 \u00a0 <a href=\"tel: 40745057073\">0745 057 073<\/a><\/p><p><img loading=\"lazy\" decoding=\"async\" class=\"alignnone wp-image-1404\" src=\"https:\/\/punctpei.ro\/wp-content\/uploads\/2023\/10\/mail-300x300.png\" alt=\"\" width=\"24\" height=\"24\" srcset=\"https:\/\/punctpei.ro\/wp-content\/uploads\/2023\/10\/mail-300x300.png 300w, https:\/\/punctpei.ro\/wp-content\/uploads\/2023\/10\/mail-150x150.png 150w, https:\/\/punctpei.ro\/wp-content\/uploads\/2023\/10\/mail.png 512w\" sizes=\"auto, (max-width: 24px) 100vw, 24px\" \/>\u00a0 \u00a0<a href=\"mailto:office@punctpei.ro\">office@punctpei.ro<\/a><\/p><p><img loading=\"lazy\" decoding=\"async\" class=\"alignnone wp-image-1402\" src=\"https:\/\/punctpei.ro\/wp-content\/uploads\/2023\/10\/location-300x300.png\" alt=\"\" width=\"23\" height=\"23\" srcset=\"https:\/\/punctpei.ro\/wp-content\/uploads\/2023\/10\/location-300x300.png 300w, https:\/\/punctpei.ro\/wp-content\/uploads\/2023\/10\/location-150x150.png 150w, https:\/\/punctpei.ro\/wp-content\/uploads\/2023\/10\/location.png 512w\" sizes=\"auto, (max-width: 23px) 100vw, 23px\" \/>\u00a0 \u00a0 <a href=\"https:\/\/maps.app.goo.gl\/N1ZMKcy2Nm7nLui2A\" target=\"_blank\" rel=\"noopener\">Str. Simion B\u0103rnu\u021biu nr. 6, loc. Sighetu Marma\u021biei, jud. Maramure\u0219<\/a><\/p>\t\t\t\t\t\t<\/div>\n\t\t\t\t<\/div>\n\t\t\t\t<\/div>\n\t\t<div class=\"elementor-element elementor-element-2c6d63c e-con-full e-flex e-con e-child\" data-id=\"2c6d63c\" data-element_type=\"container\" data-settings=\"{&quot;content_width&quot;:&quot;full&quot;,&quot;background_background&quot;:&quot;classic&quot;}\">\n\t\t\t\t<div class=\"elementor-element elementor-element-1db5870 elementor-align-right elementor-mobile-align-center elementor-widget elementor-widget-button\" data-id=\"1db5870\" data-element_type=\"widget\" data-widget_type=\"button.default\">\n\t\t\t\t<div class=\"elementor-widget-container\">\n\t\t\t\t\t<div class=\"elementor-button-wrapper\">\n\t\t\t<a class=\"elementor-button elementor-button-link elementor-size-sm\" href=\"tel: 40745057073\">\n\t\t\t\t\t\t<span class=\"elementor-button-content-wrapper\">\n\t\t\t\t\t\t<span class=\"elementor-button-text\">Call now<\/span>\n\t\t<\/span>\n\t\t\t\t\t<\/a>\n\t\t<\/div>\n\t\t\t\t<\/div>\n\t\t\t\t<\/div>\n\t\t\t\t<\/div>\n\t\t<div class=\"elementor-element elementor-element-13c2694 e-con-full e-flex e-con e-child\" data-id=\"13c2694\" data-element_type=\"container\" data-settings=\"{&quot;content_width&quot;:&quot;full&quot;,&quot;background_background&quot;:&quot;classic&quot;}\">\n\t\t\t\t<div class=\"elementor-element elementor-element-2e2d5b5 elementor-align-left elementor-mobile-align-center elementor-widget elementor-widget-button\" data-id=\"2e2d5b5\" data-element_type=\"widget\" data-widget_type=\"button.default\">\n\t\t\t\t<div class=\"elementor-widget-container\">\n\t\t\t\t\t<div class=\"elementor-button-wrapper\">\n\t\t\t<a class=\"elementor-button elementor-button-link elementor-size-sm\" href=\"https:\/\/wa.me\/0745057073\" target=\"_blank\" rel=\"noopener\">\n\t\t\t\t\t\t<span class=\"elementor-button-content-wrapper\">\n\t\t\t\t\t\t<span class=\"elementor-button-text\">WhatsApp<\/span>\n\t\t<\/span>\n\t\t\t\t\t<\/a>\n\t\t<\/div>\n\t\t\t\t<\/div>\n\t\t\t\t<\/div>\n\t\t\t\t<\/div>\n\t\t\t\t\t<\/div>\n\t\t\t\t<\/div>\n\t\t<div class=\"elementor-element elementor-element-fe5ac39 elementor-hidden-tablet e-flex e-con-boxed e-con e-parent\" data-id=\"fe5ac39\" data-element_type=\"container\" data-settings=\"{&quot;content_width&quot;:&quot;boxed&quot;}\" data-core-v316-plus=\"true\">\n\t\t\t\t\t<div class=\"e-con-inner\">\n\t\t\t\t<div class=\"elementor-element elementor-element-fceffdf fluentform-widget-submit-button-custom elementor-widget elementor-widget-fluent-form-widget\" data-id=\"fceffdf\" data-element_type=\"widget\" data-widget_type=\"fluent-form-widget.default\">\n\t\t\t\t<div class=\"elementor-widget-container\">\n\t\t\t\n            <div class=\"fluentform-widget-wrapper fluentform-widget-custom-radio-checkbox fluentform-widget-align-default\">\n\n            \n            <div class='fluentform fluentform_wrapper_8'><form data-form_id=\"8\" id=\"fluentform_8\" class=\"frm-fluent-form fluent_form_8 ff-el-form-top ff_form_instance_8_1 ff-form-loading\" data-form_instance=\"ff_form_instance_8_1\" method=\"POST\" action=\"\" ><fieldset style=\"border: none!important;margin: 0!important;padding: 0!important;background-color: transparent!important;box-shadow: none!important;outline: none!important; min-inline-size: 100%;\">\n                    <legend class=\"ff_screen_reader_title\" style=\"display: block; margin: 0!important;padding: 0!important;height: 0!important;text-indent: -999999px;width: 0!important;overflow:hidden;\">rezerva form<\/legend><input type='hidden' name='__fluent_form_embded_post_id' value='48' \/><input type=\"hidden\" id=\"_fluentform_8_fluentformnonce\" name=\"_fluentform_8_fluentformnonce\" value=\"dac153257f\" \/><input type=\"hidden\" name=\"_wp_http_referer\" value=\"\/en\/wp-json\/wp\/v2\/pages\/48\" \/><div data-name=\"ff_cn_id_1\"  class='ff-t-container ff-column-container ff_columns_total_6'><div class='ff-t-cell ff-t-column-1' style='flex-basis: 16.67%;'><div class='ff-el-group'><div class=\"ff-el-input--label asterisk-right\"><label for='ff_8_dropdown' aria-label=\"Choose room:\">Choose room:<\/label><\/div><div class='ff-el-input--content'><select name=\"dropdown\" id=\"ff_8_dropdown\" class=\"ff-el-form-control\" data-name=\"dropdown\" data-calc_value=\"0\"  aria-invalid=\"false\" aria-required=\"false\"><option value=\"Camer\u0103 dubl\u0103\"  >Double room<\/option><option value=\"Camer\u0103 Twin\"  >Twin room<\/option><option value=\"Camer\u0103 Tripl\u0103\"  >Triple room<\/option><option value=\"Apartament\"  >Apartment<\/option><\/select><\/div><\/div><\/div><div class='ff-t-cell ff-t-column-2' style='flex-basis: 16.67%;'><div class='ff-el-group'><div class=\"ff-el-input--label asterisk-right\"><label for='ff_8_datetime' aria-label=\"Check in:\">Check in:<\/label><\/div><div class='ff-el-input--content'><input data-type-datepicker data-format='d\/m\/Y' type=\"text\" name=\"datetime\" id=\"ff_8_datetime\" class=\"ff-el-form-control ff-el-datepicker\" placeholder=\"01\/02\/2023\" data-name=\"datetime\"  aria-invalid='false' aria-required=\"false\"><\/div><\/div><\/div><div class='ff-t-cell ff-t-column-3' style='flex-basis: 16.67%;'><div class='ff-el-group'><div class=\"ff-el-input--label asterisk-right\"><label for='ff_8_datetime_1' aria-label=\"Check out:\">Check out:<\/label><\/div><div class='ff-el-input--content'><input data-type-datepicker data-format='d\/m\/Y' type=\"text\" name=\"datetime_1\" id=\"ff_8_datetime_1\" class=\"ff-el-form-control ff-el-datepicker\" placeholder=\"02\/02\/2023\" data-name=\"datetime_1\"  aria-invalid='false' aria-required=\"false\"><\/div><\/div><\/div><div class='ff-t-cell ff-t-column-4' style='flex-basis: 16.67%;'><div class='ff-el-group'><div class=\"ff-el-input--label asterisk-right\"><label for='ff_8_dropdown_1' aria-label=\"Persons:\">Persons:<\/label><\/div><div class='ff-el-input--content'><select name=\"dropdown_1\" id=\"ff_8_dropdown_1\" class=\"ff-el-form-control\" data-name=\"dropdown_1\" data-calc_value=\"0\"  aria-invalid=\"false\" aria-required=\"false\"><option value=\"1\"  >1<\/option><option value=\"2\"  >2<\/option><option value=\"3\"  >3<\/option><option value=\"4\"  >4<\/option><option value=\"5\"  >5<\/option><option value=\"6\"  >6<\/option><\/select><\/div><\/div><\/div><div class='ff-t-cell ff-t-column-5' style='flex-basis: 16.67%;'><div class='ff-el-group'><div class=\"ff-el-input--label ff-el-is-required asterisk-right\"><label for='ff_8_input_text' aria-label=\"Phone:\">Phone:<\/label><\/div><div class='ff-el-input--content'><input type=\"text\" name=\"input_text\" class=\"ff-el-form-control\" data-name=\"input_text\" id=\"ff_8_input_text\"  aria-invalid=\"false\" aria-required=\"true\"><\/div><\/div><\/div><div class='ff-t-cell ff-t-column-6' style='flex-basis: 16.67%;'><div class='ff-el-group ff-text-left ff_submit_btn_wrapper ff_submit_btn_wrapper_custom'><button class=\"ff-btn ff-btn-submit ff-btn-md ff_btn_style wpf_has_custom_css\" type=\"submit\" name=\"custom_submit_button-8_1\" data-name=\"custom_submit_button-8_1\" >Book<\/button><style>form.fluent_form_8 .wpf_has_custom_css.ff-btn-submit { background-color:rgba(205, 162, 116, 1);border-color:rgba(205, 162, 116, 1);color:#ffffff;border-radius:24px;min-width:100%; }form.fluent_form_8 .wpf_has_custom_css.ff-btn-submit:hover { background-color:rgba(205, 162, 116, 1);border-color:rgba(205, 162, 116, 1);color:#FFFFFF;min-width:100%; } <\/style><\/div><\/div><\/div><\/fieldset><input type=\"hidden\" name=\"trp-form-language\" value=\"en\"\/><\/form><div id='fluentform_8_errors' class='ff-errors-in-stack ff_form_instance_8_1 ff-form-loading_errors ff_form_instance_8_1_errors'><\/div><\/div>        <script type=\"text\/javascript\">\n            window.fluent_form_ff_form_instance_8_1 = {\"id\":\"8\",\"settings\":{\"layout\":{\"labelPlacement\":\"top\",\"helpMessagePlacement\":\"with_label\",\"errorMessagePlacement\":\"inline\",\"cssClassName\":\"\",\"asteriskPlacement\":\"asterisk-right\"},\"restrictions\":{\"denyEmptySubmission\":{\"enabled\":false}}},\"form_instance\":\"ff_form_instance_8_1\",\"form_id_selector\":\"fluentform_8\",\"rules\":{\"dropdown\":{\"required\":{\"value\":false,\"message\":\"This field is required\"}},\"datetime\":{\"required\":{\"value\":false,\"message\":\"This field is required\"}},\"datetime_1\":{\"required\":{\"value\":false,\"message\":\"This field is required\"}},\"dropdown_1\":{\"required\":{\"value\":false,\"message\":\"This field is required\"}},\"input_text\":{\"required\":{\"value\":true,\"message\":\"C\\u00e2mp obligatoriu\"}}}};\n                    <\/script>\n                    <\/div>\n\n            \t\t<\/div>\n\t\t\t\t<\/div>\n\t\t\t\t\t<\/div>\n\t\t\t\t<\/div>\n\t\t<div class=\"elementor-element elementor-element-e3bca05 e-con-full elementor-hidden-desktop elementor-hidden-mobile elementor-hidden-laptop e-flex e-con e-parent\" data-id=\"e3bca05\" data-element_type=\"container\" data-settings=\"{&quot;content_width&quot;:&quot;full&quot;,&quot;background_background&quot;:&quot;classic&quot;}\" data-core-v316-plus=\"true\">\n\t\t\t\t<div class=\"elementor-element elementor-element-2ba5d08 fluentform-widget-submit-button-custom elementor-widget elementor-widget-fluent-form-widget\" data-id=\"2ba5d08\" data-element_type=\"widget\" data-widget_type=\"fluent-form-widget.default\">\n\t\t\t\t<div class=\"elementor-widget-container\">\n\t\t\t\n            <div class=\"fluentform-widget-wrapper fluentform-widget-custom-radio-checkbox fluentform-widget-align-default\">\n\n            \n            <div class='fluentform fluentform_wrapper_9'><form data-form_id=\"9\" id=\"fluentform_9\" class=\"frm-fluent-form fluent_form_9 ff-el-form-top ff_form_instance_9_2 ff-form-loading\" data-form_instance=\"ff_form_instance_9_2\" method=\"POST\" action=\"\" ><fieldset style=\"border: none!important;margin: 0!important;padding: 0!important;background-color: transparent!important;box-shadow: none!important;outline: none!important; min-inline-size: 100%;\">\n                    <legend class=\"ff_screen_reader_title\" style=\"display: block; margin: 0!important;padding: 0!important;height: 0!important;text-indent: -999999px;width: 0!important;overflow:hidden;\">tablet form<\/legend><input type='hidden' name='__fluent_form_embded_post_id' value='48' \/><input type=\"hidden\" id=\"_fluentform_9_fluentformnonce\" name=\"_fluentform_9_fluentformnonce\" value=\"dac153257f\" \/><input type=\"hidden\" name=\"_wp_http_referer\" value=\"\/en\/wp-json\/wp\/v2\/pages\/48\" \/><div data-name=\"ff_cn_id_1\"  class='ff-t-container ff-column-container ff_columns_total_1'><div class='ff-t-cell ff-t-column-1' style='flex-basis: 100%;'><div class='ff-el-group'><div class=\"ff-el-input--label asterisk-right\"><label for='ff_9_2_dropdown' aria-label=\"Choose room:\">Choose room:<\/label><\/div><div class='ff-el-input--content'><select name=\"dropdown\" id=\"ff_9_2_dropdown\" class=\"ff-el-form-control\" data-name=\"dropdown\" data-calc_value=\"0\"  aria-invalid=\"false\" aria-required=\"false\"><option value=\"Camer\u0103 dubl\u0103\"  >Double room<\/option><option value=\"Camer\u0103 Twin\"  >Twin room<\/option><option value=\"Camer\u0103 Tripl\u0103\"  >Triple room<\/option><option value=\"Apartament\"  >Apartment<\/option><\/select><\/div><\/div><div class='ff-el-group'><div class=\"ff-el-input--label asterisk-right\"><label for='ff_9_2_datetime' aria-label=\"Check in:\">Check in:<\/label><\/div><div class='ff-el-input--content'><input data-type-datepicker data-format='d\/m\/Y' type=\"text\" name=\"datetime\" id=\"ff_9_2_datetime\" class=\"ff-el-form-control ff-el-datepicker\" placeholder=\"01\/02\/2023\" data-name=\"datetime\"  aria-invalid='false' aria-required=\"false\"><\/div><\/div><div class='ff-el-group'><div class=\"ff-el-input--label asterisk-right\"><label for='ff_9_2_datetime_1' aria-label=\"Check out:\">Check out:<\/label><\/div><div class='ff-el-input--content'><input data-type-datepicker data-format='d\/m\/Y' type=\"text\" name=\"datetime_1\" id=\"ff_9_2_datetime_1\" class=\"ff-el-form-control ff-el-datepicker\" placeholder=\"02\/02\/2023\" data-name=\"datetime_1\"  aria-invalid='false' aria-required=\"false\"><\/div><\/div><div class='ff-el-group'><div class=\"ff-el-input--label asterisk-right\"><label for='ff_9_2_dropdown_1' aria-label=\"Persons:\">Persons:<\/label><\/div><div class='ff-el-input--content'><select name=\"dropdown_1\" id=\"ff_9_2_dropdown_1\" class=\"ff-el-form-control\" data-name=\"dropdown_1\" data-calc_value=\"0\"  aria-invalid=\"false\" aria-required=\"false\"><option value=\"1\"  >1<\/option><option value=\"2\"  >2<\/option><option value=\"3\"  >3<\/option><option value=\"4\"  >4<\/option><option value=\"5\"  >5<\/option><option value=\"6\"  >6<\/option><\/select><\/div><\/div><div class='ff-el-group'><div class=\"ff-el-input--label ff-el-is-required asterisk-right\"><label for='ff_9_2_input_text' aria-label=\"Phone:\">Phone:<\/label><\/div><div class='ff-el-input--content'><input type=\"text\" name=\"input_text\" class=\"ff-el-form-control\" data-name=\"input_text\" id=\"ff_9_2_input_text\"  aria-invalid=\"false\" aria-required=\"true\"><\/div><\/div><div class='ff-el-group ff-text-left ff_submit_btn_wrapper ff_submit_btn_wrapper_custom'><button class=\"ff-btn ff-btn-submit ff-btn-md ff_btn_style wpf_has_custom_css\" type=\"submit\" name=\"custom_submit_button-9_1\" data-name=\"custom_submit_button-9_1\" >Book<\/button><style>form.fluent_form_9 .wpf_has_custom_css.ff-btn-submit { background-color:rgba(205, 162, 116, 1);border-color:rgba(205, 162, 116, 1);color:#ffffff;border-radius:24px;min-width:100%; }form.fluent_form_9 .wpf_has_custom_css.ff-btn-submit:hover { background-color:rgba(205, 162, 116, 1);border-color:rgba(205, 162, 116, 1);color:#FFFFFF;min-width:100%; } <\/style><\/div><\/div><\/div><\/fieldset><input type=\"hidden\" name=\"trp-form-language\" value=\"en\"\/><\/form><div id='fluentform_9_errors' class='ff-errors-in-stack ff_form_instance_9_2 ff-form-loading_errors ff_form_instance_9_2_errors'><\/div><\/div>        <script type=\"text\/javascript\">\n            window.fluent_form_ff_form_instance_9_2 = {\"id\":\"9\",\"settings\":{\"layout\":{\"labelPlacement\":\"top\",\"helpMessagePlacement\":\"with_label\",\"errorMessagePlacement\":\"inline\",\"cssClassName\":\"\",\"asteriskPlacement\":\"asterisk-right\"},\"restrictions\":{\"denyEmptySubmission\":{\"enabled\":false}}},\"form_instance\":\"ff_form_instance_9_2\",\"form_id_selector\":\"fluentform_9\",\"rules\":{\"dropdown\":{\"required\":{\"value\":false,\"message\":\"This field is required\"}},\"datetime\":{\"required\":{\"value\":false,\"message\":\"This field is required\"}},\"datetime_1\":{\"required\":{\"value\":false,\"message\":\"This field is required\"}},\"dropdown_1\":{\"required\":{\"value\":false,\"message\":\"This field is required\"}},\"input_text\":{\"required\":{\"value\":true,\"message\":\"C\\u00e2mp obligatoriu\"}}}};\n                    <\/script>\n                    <\/div>\n\n            \t\t<\/div>\n\t\t\t\t<\/div>\n\t\t\t\t<\/div>\n\t\t<div class=\"elementor-element elementor-element-5da3f24 e-flex e-con-boxed e-con e-parent\" data-id=\"5da3f24\" data-element_type=\"container\" data-settings=\"{&quot;background_background&quot;:&quot;classic&quot;,&quot;content_width&quot;:&quot;boxed&quot;}\" data-core-v316-plus=\"true\">\n\t\t\t\t\t<div class=\"e-con-inner\">\n\t\t\t\t<div class=\"elementor-element elementor-element-14b7b17 elementor-widget-laptop__width-initial elementor-widget elementor-widget-google_maps\" data-id=\"14b7b17\" data-element_type=\"widget\" data-widget_type=\"google_maps.default\">\n\t\t\t\t<div class=\"elementor-widget-container\">\n\t\t\t<style>\/*! elementor - v3.16.0 - 20-09-2023 *\/\n.elementor-widget-google_maps .elementor-widget-container{overflow:hidden}.elementor-widget-google_maps .elementor-custom-embed{line-height:0}.elementor-widget-google_maps iframe{height:300px}<\/style>\t\t<div class=\"elementor-custom-embed\">\n\t\t\t<iframe loading=\"lazy\"\n\t\t\t\t\tsrc=\"https:\/\/maps.google.com\/maps?q=Str.%20Simion%20B%C4%83rnu%C8%9Biu%20nr.%206%2C%20loc.%20Sighetu%20Marma%C8%9Biei%2C%20jud.%20Maramure%C8%99&#038;t=m&#038;z=16&#038;output=embed&#038;iwloc=near\"\n\t\t\t\t\ttitle=\"Str. Simion B\u0103rnu\u021biu nr. 6, loc. Sighetu Marma\u021biei, jud. Maramure\u0219\"\n\t\t\t\t\taria-label=\"Str. Simion B\u0103rnu\u021biu nr. 6, loc. Sighetu Marma\u021biei, jud. Maramure\u0219\"\n\t\t\t><\/iframe>\n\t\t<\/div>\n\t\t\t\t<\/div>\n\t\t\t\t<\/div>\n\t\t\t\t\t<\/div>\n\t\t\t\t<\/div>\n\t\t\t\t\t\t\t<\/div>","protected":false},"excerpt":{"rendered":"<p>REZERV\u0102RI Informa\u021bii Pentru informa\u021bii, sugestii \u0219i rezerv\u0103ri, ne pute\u021bi contacta prin intermediul formularului sau la num\u0103rul de telefon de mai jos. \u00a0 \u00a0 0745 057 073 \u00a0 \u00a0office@punctpei.ro \u00a0 \u00a0 Str. Simion B\u0103rnu\u021biu nr. 6, loc. Sighetu Marma\u021biei, jud. Maramure\u0219 Sun\u0103 acum WhatsApp rezerva form Selecta\u021bi camera:Camer\u0103 dubl\u0103Camer\u0103 TwinCamer\u0103 Tripl\u0103ApartamentCheck in:Check out:Persoane:123456Telefon:Rezerv\u0103 tablet form Selecta\u021bi &hellip;<\/p>\n<p class=\"read-more\"> <a class=\"\" href=\"https:\/\/punctpei.ro\/en\/rezervari\/\"> <span class=\"screen-reader-text\">Reservations<\/span> Read More &raquo;<\/a><\/p>","protected":false},"author":1,"featured_media":659,"parent":0,"menu_order":0,"comment_status":"closed","ping_status":"closed","template":"","meta":{"om_disable_all_campaigns":false,"_monsterinsights_skip_tracking":false,"_monsterinsights_sitenote_active":false,"_monsterinsights_sitenote_note":"","_monsterinsights_sitenote_category":0,"_uf_show_specific_survey":0,"_uf_disable_surveys":false,"site-sidebar-layout":"no-sidebar","site-content-layout":"","ast-site-content-layout":"full-width-container","site-content-style":"default","site-sidebar-style":"default","ast-global-header-display":"","ast-banner-title-visibility":"","ast-main-header-display":"","ast-hfb-above-header-display":"","ast-hfb-below-header-display":"","ast-hfb-mobile-header-display":"","site-post-title":"disabled","ast-breadcrumbs-content":"","ast-featured-img":"disabled","footer-sml-layout":"","theme-transparent-header-meta":"","adv-header-id-meta":"","stick-header-meta":"","header-above-stick-meta":"","header-main-stick-meta":"","header-below-stick-meta":"","astra-migrate-meta-layouts":"","footnotes":""},"class_list":["post-48","page","type-page","status-publish","has-post-thumbnail","hentry"],"_links":{"self":[{"href":"https:\/\/punctpei.ro\/en\/wp-json\/wp\/v2\/pages\/48","targetHints":{"allow":["GET"]}}],"collection":[{"href":"https:\/\/punctpei.ro\/en\/wp-json\/wp\/v2\/pages"}],"about":[{"href":"https:\/\/punctpei.ro\/en\/wp-json\/wp\/v2\/types\/page"}],"author":[{"embeddable":true,"href":"https:\/\/punctpei.ro\/en\/wp-json\/wp\/v2\/users\/1"}],"replies":[{"embeddable":true,"href":"https:\/\/punctpei.ro\/en\/wp-json\/wp\/v2\/comments?post=48"}],"version-history":[{"count":479,"href":"https:\/\/punctpei.ro\/en\/wp-json\/wp\/v2\/pages\/48\/revisions"}],"predecessor-version":[{"id":6565,"href":"https:\/\/punctpei.ro\/en\/wp-json\/wp\/v2\/pages\/48\/revisions\/6565"}],"wp:featuredmedia":[{"embeddable":true,"href":"https:\/\/punctpei.ro\/en\/wp-json\/wp\/v2\/media\/659"}],"wp:attachment":[{"href":"https:\/\/punctpei.ro\/en\/wp-json\/wp\/v2\/media?parent=48"}],"curies":[{"name":"wp","href":"https:\/\/api.w.org\/{rel}","templated":true}]}}