{"id":193,"date":"2023-10-04T14:00:08","date_gmt":"2023-10-04T14:00:08","guid":{"rendered":"https:\/\/punctpei.ro\/?page_id=193"},"modified":"2024-02-14T18:17:24","modified_gmt":"2024-02-14T18:17:24","slug":"privacy","status":"publish","type":"page","link":"https:\/\/punctpei.ro\/en\/privacy\/","title":{"rendered":"Privacy"},"content":{"rendered":"<div data-elementor-type=\"wp-page\" data-elementor-id=\"193\" class=\"elementor elementor-193\">\n\t\t\t\t\t\t\t<div class=\"elementor-element elementor-element-005968e e-flex e-con-boxed e-con e-parent\" data-id=\"005968e\" data-element_type=\"container\" data-settings=\"{&quot;content_width&quot;:&quot;boxed&quot;}\" data-core-v316-plus=\"true\">\n\t\t\t\t\t<div class=\"e-con-inner\">\n\t\t\t\t<div class=\"elementor-element elementor-element-fbec24f elementor-widget elementor-widget-heading\" data-id=\"fbec24f\" data-element_type=\"widget\" data-widget_type=\"heading.default\">\n\t\t\t\t<div class=\"elementor-widget-container\">\n\t\t\t<style>\/*! elementor - v3.16.0 - 20-09-2023 *\/\n.elementor-heading-title{padding:0;margin:0;line-height:1}.elementor-widget-heading .elementor-heading-title[class*=elementor-size-]>a{color:inherit;font-size:inherit;line-height:inherit}.elementor-widget-heading .elementor-heading-title.elementor-size-small{font-size:15px}.elementor-widget-heading .elementor-heading-title.elementor-size-medium{font-size:19px}.elementor-widget-heading .elementor-heading-title.elementor-size-large{font-size:29px}.elementor-widget-heading .elementor-heading-title.elementor-size-xl{font-size:39px}.elementor-widget-heading .elementor-heading-title.elementor-size-xxl{font-size:59px}<\/style><h1 class=\"elementor-heading-title elementor-size-default\">POLITICA DE CONFIDEN\u021aIALITATE A SITE-UL PPI.RO<\/h1>\t\t<\/div>\n\t\t\t\t<\/div>\n\t\t\t\t<div class=\"elementor-element elementor-element-f6bdfdf elementor-widget elementor-widget-text-editor\" data-id=\"f6bdfdf\" data-element_type=\"widget\" data-widget_type=\"text-editor.default\">\n\t\t\t\t<div class=\"elementor-widget-container\">\n\t\t\t<style>\/*! elementor - v3.16.0 - 20-09-2023 *\/\n.elementor-widget-text-editor.elementor-drop-cap-view-stacked .elementor-drop-cap{background-color:#69727d;color:#fff}.elementor-widget-text-editor.elementor-drop-cap-view-framed .elementor-drop-cap{color:#69727d;border:3px solid;background-color:transparent}.elementor-widget-text-editor:not(.elementor-drop-cap-view-default) .elementor-drop-cap{margin-top:8px}.elementor-widget-text-editor:not(.elementor-drop-cap-view-default) .elementor-drop-cap-letter{width:1em;height:1em}.elementor-widget-text-editor .elementor-drop-cap{float:left;text-align:center;line-height:1;font-size:50px}.elementor-widget-text-editor .elementor-drop-cap-letter{display:inline-block}<\/style>\t\t\t\t<h3>1. Informa\u021bii Generale<\/h3><p>Bine a\u021bi venit pe pagina noastr\u0103 de confiden\u021bialitate. La PUNCT PE I SRL, ne lu\u0103m \u00een serios protec\u021bia datelor dvs. personale \u0219i v\u0103 asigur\u0103m c\u0103 informa\u021biile dvs. sunt tratate cu cea mai mare grij\u0103 \u0219i confiden\u021bialitate.<\/p><h3>2. Colectarea Informa\u021biilor Personale<\/h3><p>2.1. <strong>Informa\u021bii Colectate:<\/strong><\/p><ul><li>Colect\u0103m informa\u021bii cu caracter personal pe care le furniza\u021bi voluntar, cum ar fi nume, adres\u0103 de e-mail, num\u0103r de telefon, etc.<\/li><\/ul><p>2.2. <strong>Metode de Colectare:<\/strong><\/p><ul><li>Colect\u0103m informa\u021bii prin intermediul formularelor online, cookie-uri \u0219i alte tehnologii similare.<\/li><\/ul><h3>3. Utilizarea Informa\u021biilor Personale<\/h3><p>3.1. <strong>Scopurile Colect\u0103rii:<\/strong><\/p><ul><li>Utiliz\u0103m informa\u021biile pentru a v\u0103 oferi serviciile noastre, pentru a v\u0103 \u00eembun\u0103t\u0103\u021bi experien\u021ba \u0219i pentru a v\u0103 furniza informa\u021bii relevante.<\/li><\/ul><p>3.2. <strong>P\u0103r\u021bi Ter\u021be:<\/strong><\/p><ul><li>Nu vom partaja informa\u021biile dvs. personale cu ter\u021be p\u0103r\u021bi f\u0103r\u0103 consim\u021b\u0103m\u00e2ntul dvs., cu excep\u021bia cazurilor prev\u0103zute de lege.<\/li><\/ul><h3>4. Securitatea Informa\u021biilor<\/h3><p>4.1. <strong>M\u0103suri de Securitate:<\/strong><\/p><ul><li>Implement\u0103m m\u0103suri tehnice \u0219i organizatorice pentru a proteja informa\u021biile dvs. personale \u00eempotriva accesului neautorizat sau utiliz\u0103rii necorespunz\u0103toare.<\/li><\/ul><h3>5. Drepturile Utilizatorilor<\/h3><p>5.1. <strong>Drepturi de Acces:<\/strong><\/p><ul><li>Ave\u021bi dreptul s\u0103 solicita\u021bi informa\u021bii despre datele dvs. personale \u0219i s\u0103 solicita\u021bi corectarea sau \u0219tergerea acestora.<\/li><\/ul><h3>6. Politica Cookie-urilor<\/h3><p>6.1. <strong>Utilizarea Cookie-urilor:<\/strong><\/p><ul><li>Utiliz\u0103m cookie-uri pentru a \u00eembun\u0103t\u0103\u021bi func\u021bionalitatea site-ului \u0219i pentru a oferi o experien\u021b\u0103 personalizat\u0103.<\/li><\/ul><p>6.2. <strong>Op\u021biuni Cookie-uri:<\/strong><\/p><ul><li>Pute\u021bi gestiona preferin\u021bele cookie-urilor prin set\u0103rile browser-ului.<\/li><\/ul><h3>7. Actualiz\u0103ri ale Politicii de Confiden\u021bialitate<\/h3><p>7.1. <strong>Modific\u0103ri:<\/strong><\/p><ul><li>Ne rezerv\u0103m dreptul de a modifica aceast\u0103 politic\u0103. Orice modificare va fi publicat\u0103 pe aceast\u0103 pagin\u0103.<\/li><\/ul><h3>8. Contacta\u021bi-ne<\/h3><p>8.1. <strong>\u00centreb\u0103ri:<\/strong><\/p><ul><li>Dac\u0103 ave\u021bi \u00eentreb\u0103ri cu privire la politica noastr\u0103 de confiden\u021bialitate, v\u0103 rug\u0103m s\u0103 ne contacta\u021bi la office@punctpei.ro sau prin intermediul formularului nostru de contact.<\/li><\/ul>\t\t\t\t\t\t<\/div>\n\t\t\t\t<\/div>\n\t\t\t\t\t<\/div>\n\t\t\t\t<\/div>\n\t\t\t\t\t\t\t<\/div>","protected":false},"excerpt":{"rendered":"<p>POLITICA DE CONFIDEN\u021aIALITATE A SITE-UL PPI.RO 1. Informa\u021bii Generale Bine a\u021bi venit pe pagina noastr\u0103 de confiden\u021bialitate. La PUNCT PE I SRL, ne lu\u0103m \u00een serios protec\u021bia datelor dvs. personale \u0219i v\u0103 asigur\u0103m c\u0103 informa\u021biile dvs. sunt tratate cu cea mai mare grij\u0103 \u0219i confiden\u021bialitate. 2. Colectarea Informa\u021biilor Personale 2.1. Informa\u021bii Colectate: Colect\u0103m informa\u021bii cu &hellip;<\/p>\n<p class=\"read-more\"> <a class=\"\" href=\"https:\/\/punctpei.ro\/en\/privacy\/\"> <span class=\"screen-reader-text\">Privacy<\/span> Read More &raquo;<\/a><\/p>","protected":false},"author":1,"featured_media":0,"parent":0,"menu_order":0,"comment_status":"closed","ping_status":"closed","template":"","meta":{"om_disable_all_campaigns":false,"_monsterinsights_skip_tracking":false,"_monsterinsights_sitenote_active":false,"_monsterinsights_sitenote_note":"","_monsterinsights_sitenote_category":0,"_uf_show_specific_survey":0,"_uf_disable_surveys":false,"site-sidebar-layout":"no-sidebar","site-content-layout":"","ast-site-content-layout":"full-width-container","site-content-style":"default","site-sidebar-style":"default","ast-global-header-display":"","ast-banner-title-visibility":"","ast-main-header-display":"","ast-hfb-above-header-display":"","ast-hfb-below-header-display":"","ast-hfb-mobile-header-display":"","site-post-title":"disabled","ast-breadcrumbs-content":"","ast-featured-img":"disabled","footer-sml-layout":"","theme-transparent-header-meta":"","adv-header-id-meta":"","stick-header-meta":"","header-above-stick-meta":"","header-main-stick-meta":"","header-below-stick-meta":"","astra-migrate-meta-layouts":"","footnotes":""},"class_list":["post-193","page","type-page","status-publish","hentry"],"_links":{"self":[{"href":"https:\/\/punctpei.ro\/en\/wp-json\/wp\/v2\/pages\/193","targetHints":{"allow":["GET"]}}],"collection":[{"href":"https:\/\/punctpei.ro\/en\/wp-json\/wp\/v2\/pages"}],"about":[{"href":"https:\/\/punctpei.ro\/en\/wp-json\/wp\/v2\/types\/page"}],"author":[{"embeddable":true,"href":"https:\/\/punctpei.ro\/en\/wp-json\/wp\/v2\/users\/1"}],"replies":[{"embeddable":true,"href":"https:\/\/punctpei.ro\/en\/wp-json\/wp\/v2\/comments?post=193"}],"version-history":[{"count":16,"href":"https:\/\/punctpei.ro\/en\/wp-json\/wp\/v2\/pages\/193\/revisions"}],"predecessor-version":[{"id":6615,"href":"https:\/\/punctpei.ro\/en\/wp-json\/wp\/v2\/pages\/193\/revisions\/6615"}],"wp:attachment":[{"href":"https:\/\/punctpei.ro\/en\/wp-json\/wp\/v2\/media?parent=193"}],"curies":[{"name":"wp","href":"https:\/\/api.w.org\/{rel}","templated":true}]}}