{"id":191,"date":"2023-10-04T13:59:57","date_gmt":"2023-10-04T13:59:57","guid":{"rendered":"https:\/\/punctpei.ro\/?page_id=191"},"modified":"2024-02-14T18:19:45","modified_gmt":"2024-02-14T18:19:45","slug":"tc-page","status":"publish","type":"page","link":"https:\/\/punctpei.ro\/en\/tc-page\/","title":{"rendered":"T&#038;C Page"},"content":{"rendered":"<div data-elementor-type=\"wp-page\" data-elementor-id=\"191\" class=\"elementor elementor-191\">\n\t\t\t\t\t\t\t<div class=\"elementor-element elementor-element-481b8dc e-flex e-con-boxed e-con e-parent\" data-id=\"481b8dc\" data-element_type=\"container\" data-settings=\"{&quot;content_width&quot;:&quot;boxed&quot;}\" data-core-v316-plus=\"true\">\n\t\t\t\t\t<div class=\"e-con-inner\">\n\t\t\t\t<div class=\"elementor-element elementor-element-129c92a elementor-widget elementor-widget-heading\" data-id=\"129c92a\" data-element_type=\"widget\" data-widget_type=\"heading.default\">\n\t\t\t\t<div class=\"elementor-widget-container\">\n\t\t\t<style>\/*! elementor - v3.16.0 - 20-09-2023 *\/\n.elementor-heading-title{padding:0;margin:0;line-height:1}.elementor-widget-heading .elementor-heading-title[class*=elementor-size-]>a{color:inherit;font-size:inherit;line-height:inherit}.elementor-widget-heading .elementor-heading-title.elementor-size-small{font-size:15px}.elementor-widget-heading .elementor-heading-title.elementor-size-medium{font-size:19px}.elementor-widget-heading .elementor-heading-title.elementor-size-large{font-size:29px}.elementor-widget-heading .elementor-heading-title.elementor-size-xl{font-size:39px}.elementor-widget-heading .elementor-heading-title.elementor-size-xxl{font-size:59px}<\/style><h1 class=\"elementor-heading-title elementor-size-default\">TERMENII \u0218I CONDI\u021aIILE UTILIZ\u0102RII  SITE-UL PPI.RO<\/h1>\t\t<\/div>\n\t\t\t\t<\/div>\n\t\t\t\t<div class=\"elementor-element elementor-element-843c403 elementor-widget elementor-widget-text-editor\" data-id=\"843c403\" data-element_type=\"widget\" data-widget_type=\"text-editor.default\">\n\t\t\t\t<div class=\"elementor-widget-container\">\n\t\t\t<style>\/*! elementor - v3.16.0 - 20-09-2023 *\/\n.elementor-widget-text-editor.elementor-drop-cap-view-stacked .elementor-drop-cap{background-color:#69727d;color:#fff}.elementor-widget-text-editor.elementor-drop-cap-view-framed .elementor-drop-cap{color:#69727d;border:3px solid;background-color:transparent}.elementor-widget-text-editor:not(.elementor-drop-cap-view-default) .elementor-drop-cap{margin-top:8px}.elementor-widget-text-editor:not(.elementor-drop-cap-view-default) .elementor-drop-cap-letter{width:1em;height:1em}.elementor-widget-text-editor .elementor-drop-cap{float:left;text-align:center;line-height:1;font-size:50px}.elementor-widget-text-editor .elementor-drop-cap-letter{display:inline-block}<\/style>\t\t\t\t<p>Bun venit la PPI.ro!<\/p><h3>1. Acceptarea Termenilor<\/h3><p>1.1. Prin utilizarea acestui site sau serviciu, sunte\u021bi de acord s\u0103 respecta\u021bi \u0219i s\u0103 fi\u021bi supus termenilor \u0219i condi\u021biilor de mai jos.<\/p><p>1.2. Dac\u0103 nu sunte\u021bi de acord cu ace\u0219ti termeni, v\u0103 rug\u0103m s\u0103 nu utiliza\u021bi site-ul sau serviciul nostru.<\/p><h3>2. Rezerv\u0103ri \u0219i Confirm\u0103ri<\/h3><p>2.1. Rezerv\u0103rile pot fi efectuate online prin intermediul site-ului nostru \u0219i sunt supuse confirm\u0103rii din partea noastr\u0103.<\/p><p>2.2. Confirmarea rezerv\u0103rilor se consider\u0103 un acord \u00eentre dumneavoastr\u0103 \u0219i PUNCT PE I SRL.<\/p><h3>3. Politica de Anulare<\/h3><p>3.1. Politica noastr\u0103 de anulare este specificat\u0103 \u00een detaliu \u00een fiecare ofert\u0103 \u0219i poate varia \u00een func\u021bie de tipul serviciului sau produsului achizi\u021bionat.<\/p><p>3.2. Anul\u0103rile trebuie s\u0103 respecte termenii politicii noastre pentru a evita penaliz\u0103rile.<\/p><h3>4. Tarife \u0219i Pl\u0103\u021bi<\/h3><p>4.1. Tarifele pentru serviciile noastre sunt afi\u0219ate pe site-ul nostru \u0219i pot varia \u00een func\u021bie de perioad\u0103 \u0219i disponibilitate.<\/p><p>4.2. Plata se efectueaz\u0103 conform informa\u021biilor furnizate \u00een timpul procesului de achizi\u021bie sau rezervare.<\/p><h3>5. Responsabilitatea Utilizatorilor<\/h3><p>5.1. Utilizatorii sunt responsabili de informa\u021biile furnizate \u0219i sunt obliga\u021bi s\u0103 respecte regulile \u0219i procedurile noastre.<\/p><p>5.2. PUNCT PE I SRL nu \u00ee\u0219i asum\u0103 r\u0103spunderea pentru pierderile sau daunele cauzate de nerespectarea regulilor.<\/p><h3>6. Drepturile de Proprietate Intelectual\u0103<\/h3><p>6.1. Con\u021binutul acestui site, inclusiv textele, imaginile \u0219i alte materiale, sunt protejate de drepturile de proprietate intelectual\u0103 ale PUNCT PE I SRL\u00a0 sau ale altor p\u0103r\u021bi.<\/p><p>6.2. Utilizarea neautorizat\u0103 a acestor materiale este interzis\u0103.<\/p><h3>7. Modific\u0103ri ale Termenilor \u0219i Condi\u021biilor<\/h3><p>7.1. Rezerv\u0103m dreptul de a modifica ace\u0219ti termeni \u0219i condi\u021bii \u00een orice moment. Orice modificare va fi publicat\u0103 pe site.<\/p><h3>8. Contacta\u021bi-ne<\/h3><p>8.1. Dac\u0103 ave\u021bi \u00eentreb\u0103ri sau nel\u0103muriri cu privire la ace\u0219ti termeni \u0219i condi\u021bii, v\u0103 rug\u0103m s\u0103 ne contacta\u021bi la office@punctpei.ro sau prin intermediul formularului nostru de contact.<\/p><p>Mul\u021bumim pentru alegerea dumneavoastr\u0103 \u0219i v\u0103 dorim o experien\u021b\u0103 pl\u0103cut\u0103 cu Aparthotel PUNCT PE I.<\/p>\t\t\t\t\t\t<\/div>\n\t\t\t\t<\/div>\n\t\t\t\t\t<\/div>\n\t\t\t\t<\/div>\n\t\t\t\t\t\t\t<\/div>","protected":false},"excerpt":{"rendered":"<p>TERMENII \u0218I CONDI\u021aIILE UTILIZ\u0102RII SITE-UL PPI.RO Bun venit la PPI.ro! 1. Acceptarea Termenilor 1.1. Prin utilizarea acestui site sau serviciu, sunte\u021bi de acord s\u0103 respecta\u021bi \u0219i s\u0103 fi\u021bi supus termenilor \u0219i condi\u021biilor de mai jos. 1.2. Dac\u0103 nu sunte\u021bi de acord cu ace\u0219ti termeni, v\u0103 rug\u0103m s\u0103 nu utiliza\u021bi site-ul sau serviciul nostru. 2. Rezerv\u0103ri &hellip;<\/p>\n<p class=\"read-more\"> <a class=\"\" href=\"https:\/\/punctpei.ro\/en\/tc-page\/\"> <span class=\"screen-reader-text\">T&#038;C Page<\/span> Read More &raquo;<\/a><\/p>","protected":false},"author":1,"featured_media":0,"parent":0,"menu_order":0,"comment_status":"closed","ping_status":"closed","template":"","meta":{"om_disable_all_campaigns":false,"_monsterinsights_skip_tracking":false,"_monsterinsights_sitenote_active":false,"_monsterinsights_sitenote_note":"","_monsterinsights_sitenote_category":0,"_uf_show_specific_survey":0,"_uf_disable_surveys":false,"site-sidebar-layout":"no-sidebar","site-content-layout":"","ast-site-content-layout":"full-width-container","site-content-style":"default","site-sidebar-style":"default","ast-global-header-display":"","ast-banner-title-visibility":"","ast-main-header-display":"","ast-hfb-above-header-display":"","ast-hfb-below-header-display":"","ast-hfb-mobile-header-display":"","site-post-title":"disabled","ast-breadcrumbs-content":"","ast-featured-img":"disabled","footer-sml-layout":"","theme-transparent-header-meta":"","adv-header-id-meta":"","stick-header-meta":"","header-above-stick-meta":"","header-main-stick-meta":"","header-below-stick-meta":"","astra-migrate-meta-layouts":"","footnotes":""},"class_list":["post-191","page","type-page","status-publish","hentry"],"_links":{"self":[{"href":"https:\/\/punctpei.ro\/en\/wp-json\/wp\/v2\/pages\/191","targetHints":{"allow":["GET"]}}],"collection":[{"href":"https:\/\/punctpei.ro\/en\/wp-json\/wp\/v2\/pages"}],"about":[{"href":"https:\/\/punctpei.ro\/en\/wp-json\/wp\/v2\/types\/page"}],"author":[{"embeddable":true,"href":"https:\/\/punctpei.ro\/en\/wp-json\/wp\/v2\/users\/1"}],"replies":[{"embeddable":true,"href":"https:\/\/punctpei.ro\/en\/wp-json\/wp\/v2\/comments?post=191"}],"version-history":[{"count":25,"href":"https:\/\/punctpei.ro\/en\/wp-json\/wp\/v2\/pages\/191\/revisions"}],"predecessor-version":[{"id":6621,"href":"https:\/\/punctpei.ro\/en\/wp-json\/wp\/v2\/pages\/191\/revisions\/6621"}],"wp:attachment":[{"href":"https:\/\/punctpei.ro\/en\/wp-json\/wp\/v2\/media?parent=191"}],"curies":[{"name":"wp","href":"https:\/\/api.w.org\/{rel}","templated":true}]}}